{"id":55,"date":"2016-04-07T07:22:34","date_gmt":"2016-04-07T07:22:34","guid":{"rendered":"http:\/\/wordpress.coaching-atelier.com\/?page_id=55"},"modified":"2020-10-13T16:51:54","modified_gmt":"2020-10-13T16:51:54","slug":"impressum","status":"publish","type":"page","link":"https:\/\/carolineredl.de\/?page_id=55","title":{"rendered":"Impressum"},"content":{"rendered":"<p><span class=\"st\">ViSdP: Caroline Redl <\/span><\/p>\n<p><a href=\"http:\/\/wordpress.coaching-atelier.com\/?page_id=317\">Kontakt-Formular<\/a><\/p>\n<p>Caroline Redl wird vertreten von:<\/p>\n<p>AGENTUR ZAV BERLIN<br \/>\nFRIEDRICHSTRASSE 39 10969<br \/>\nBERLIN TEL +49 (0) 228- 50208 8025<\/p>\n<p>Copyright Fotos: Zoia Laufenberg, Joachim Gern, Jonny Soares, Emily Pinna, David Ellard<\/p>\n<p>Textbearbeitung English: Zane Payer<\/p>\n<p>&lt;a href=&#8217;https:\/\/pngtree.com\/so\/instagram&#8216;&gt;instagram png from pngtree.com&lt;\/a&gt;<\/p>\n<p>Konzept, Umsetzung &amp; Betreuung: Sebastian Kulich<\/p>\n<p>Haftungshinweis: Trotz sorgf\u00e4ltiger inhaltlicher Kontrolle \u00fcbernehmen wir keine Haftung f\u00fcr die Inhalte externer Links. F\u00fcr den Inhalt der verlinkten Seiten sind ausschlie\u00dflich deren Betreiber verantwortlich.<\/p>\n","protected":false},"excerpt":{"rendered":"<p>ViSdP: Caroline Redl Kontakt-Formular Caroline Redl wird vertreten von: AGENTUR ZAV BERLIN FRIEDRICHSTRASSE 39 10969 BERLIN TEL +49 (0) 228- [&hellip;]<\/p>\n","protected":false},"author":1,"featured_media":0,"parent":0,"menu_order":0,"comment_status":"closed","ping_status":"closed","template":"","meta":[],"_links":{"self":[{"href":"https:\/\/carolineredl.de\/index.php?rest_route=\/wp\/v2\/pages\/55"}],"collection":[{"href":"https:\/\/carolineredl.de\/index.php?rest_route=\/wp\/v2\/pages"}],"about":[{"href":"https:\/\/carolineredl.de\/index.php?rest_route=\/wp\/v2\/types\/page"}],"author":[{"embeddable":true,"href":"https:\/\/carolineredl.de\/index.php?rest_route=\/wp\/v2\/users\/1"}],"replies":[{"embeddable":true,"href":"https:\/\/carolineredl.de\/index.php?rest_route=%2Fwp%2Fv2%2Fcomments&post=55"}],"version-history":[{"count":17,"href":"https:\/\/carolineredl.de\/index.php?rest_route=\/wp\/v2\/pages\/55\/revisions"}],"predecessor-version":[{"id":891,"href":"https:\/\/carolineredl.de\/index.php?rest_route=\/wp\/v2\/pages\/55\/revisions\/891"}],"wp:attachment":[{"href":"https:\/\/carolineredl.de\/index.php?rest_route=%2Fwp%2Fv2%2Fmedia&parent=55"}],"curies":[{"name":"wp","href":"https:\/\/api.w.org\/{rel}","templated":true}]}}